{"id":12,"date":"2022-08-09T19:35:15","date_gmt":"2022-08-09T19:35:15","guid":{"rendered":"https:\/\/www.renner-posch.de\/?page_id=12"},"modified":"2022-09-12T18:45:15","modified_gmt":"2022-09-12T18:45:15","slug":"planung","status":"publish","type":"page","link":"https:\/\/renner-posch.de\/index.php\/planung\/","title":{"rendered":"Planung"},"content":{"rendered":"<h5>Planung<\/h5>\n<p>Die Anspr\u00fcche an die Stromversorgung sind in den letzten Jahrzehnten enorm gestiegen,<br \/>\nSteckdosen, Schalter, Lampen sowie diverse Elektroger\u00e4te brauchen Strom.<br \/>\nIn modernen H\u00e4usern brauchen selbst die Heizung, die Frischluftversorgung und Rolll\u00e4den elektrische Energie &#8211; ohne Strom geht nichts mehr.<br \/>\nDer Strom kommt entweder \u00fcber das \u00f6ffentliche Versorgungsnetz ins Haus oder zum Teil von Photovoltaik,<br \/>\nim Haus sorgen hierbei mehrere hunderte Meter Kabel daf\u00fcr, dass der Strom \u00fcberall dort ankommt, wo er n\u00f6tig ist.<\/p>\n<p>Grundlage hierf\u00fcr ist eine ordentlich geplante und fachm\u00e4nnisch ausgef\u00fchrte Elektroinstallation, damit alles den richtigen Anschluss findet und zwar genau da, wo man ihn auch braucht.<br \/>\nEine vorausschauende und umfassende Elektroplanung im Vorfeld ist wichtig spart im Nachhinein viel Zeit und Geld.<\/p>\n<p>Ob Neubau oder Sanierung \u2013 es kommt nicht nur auf Farbe \/ Form und Inneneinrichtung an!<br \/>\nAusschlaggebend ist, die Elektroinstallation auf die individuellen Gewohnheiten und Anforderungen der jeweiligen Bewohner und Nutzer auszurichten.<br \/>\nDamit es zum Beispiel nicht zur \u00dcberlastung von Stromkreisen bei gleichzeitigem Betrieb von leistungsstarken Elektroger\u00e4ten kommt oder zu einem vermehrten Einsatz von Steckdosenleisten<\/p>\n<p>Neben Steckdosen \/ Lampen und Lichtschalter sollten auch SAT\/Antenne\/Kabelanschluss und vor Allem ein Netzwerk \u00fcberdacht werden.<br \/>\nAuch bei ungenutzten R\u00e4umen im Keller lohnt es sich \u00fcber m\u00f6gliche Nutzungen nachzudenken, diese k\u00f6nnten einmal Fitness- oder Partyr\u00e4ume werden,<br \/>\ngenauso k\u00f6nnte ein Dachboden sp\u00e4ter mal zum B\u00fcro umgebaut werden.<\/p>\n<h5>Erster Gedankenansatz:<\/h5>\n<h6>Anforderungen an die Elektroinstallation<\/h6>\n<p>&gt; In welchem Raum betreibe ich wo welche Elektroger\u00e4te?<br \/>\n&gt; welche Elektroger\u00e4te sollen m\u00f6glicherweise noch angeschafft werden, oder befinden sich in Planung?<br \/>\n&gt; Wo soll welche Beleuchtung angebracht werden (fest oder flexibel)?<br \/>\n&gt; Wo werden Fernseher und Computer aufgestellt oder Telefonanschl\u00fcsse ben\u00f6tigt?<br \/>\n&gt; Ist eine digitalisierte Ausstattung angedacht, wie z.B. Smart-Home-Funktionalit\u00e4ten?<br \/>\n&gt; Wo und wie werden in der Regel die mobilen Ger\u00e4te aufgeladen?<br \/>\n&gt; Gibt es eine Au\u00dfenbeleuchtung \/ wird eine Au\u00dfenstromversorgung ben\u00f6tigt?<\/p>\n<h6>Danach entscheidet sich dann<\/h6>\n<p>&gt; Anzahl der Stromkreise mit den jeweiligen Schutzvorrichtungen<br \/>\n&gt; Anzahl, Position und Gruppierung der Steckdosen<br \/>\n&gt; Anzahl und Position der Leuchtenanschl\u00fcsse<br \/>\n&gt; Anzahl und Position der TV- und Kommunikationsanschl\u00fcsse<br \/>\n&gt; Vorbereitung f\u00fcr LAN\/WLan, Smart-Home-Funktionalit\u00e4ten und elektrische Rollladensteuerung, Alarmanlage<br \/>\n&gt; Installation im Au\u00dfenbereich<\/p>\n<h5>Weiterf\u00fchrende Gedanken:<\/h5>\n<h6>K\u00fcche<\/h6>\n<p>hier sind besondere Anforderungen an die Anschl\u00fcsse f\u00fcr Kochfeld, Ofen, Mikrowelle, Dunstabzug, Gefrier- und K\u00fchlschrank, sowie an die Leuchtenplanung erforderlich.<br \/>\nToaster, Kaffeemaschine, Wasserkocher, Brotschneidemaschine, Mixer, K\u00fcchenmaschine, Eierkocher und viele mehr brauchen auch ihren Platz,<br \/>\ndamit kommen je nach K\u00fcchengr\u00f6\u00dfe im Bereich der Arbeitsfl\u00e4che ohne Weiteres 10 bis 15 Steckdosen zusammen.<\/p>\n<h6>Wohnzimmer<\/h6>\n<p>Ebenfalls im Wohnzimmer ist Weitsicht bei der Elektroinstallation gefragt, entsprechend flexibel und gro\u00dfz\u00fcgig sollte die Ausstattung mit<br \/>\nElektroanschl\u00fcssen f\u00fcr z.B. Fernseher \/ Receiver \/ Mediastreaming \/ Spielekonsole und Telefon gew\u00e4hlt sein.<\/p>\n<h6>Badezimmer<\/h6>\n<p>B\u00e4der werden aktuell immer mehr zu Wellness-Oasen im Eigenheim, dem entsprechend haben sich auch die Anforderungen an die Elektroinstallation ge\u00e4ndert.<br \/>\nFr\u00fcher musste man neben der Deckenlampe und einer Steckdose f\u00fcr einen Rasierapparat und den F\u00f6hn nicht viel einplanen.<br \/>\nHeute gibt es zus\u00e4tzlich eine Vielzahl an Ger\u00e4ten und Stromverbrauchern im Badezimmer, die mit Anzahl und Anordnung von Steckdosen Ber\u00fccksichtigung finden sollte,<br \/>\nwie zm Beispiel: elektrische Zahnb\u00fcrsten, elektrische Handtuchtrockner, Radio, F\u00f6hn, Komforttoilette, oder auch eine Akzentbeleuchtung.<\/p>\n<h6>Schlafzimmer und Kinderzimmer<\/h6>\n<p>Im Schlafzimmer f\u00e4llt einem zuerst die Beleuchtung rund ums Bett ein, h\u00e4ufig wird der Lichtbedarf auch durch Nachtischlampen gedeckt,<br \/>\ndennoch hat man direkt am Bett in der Regel weiteren Bedarf f\u00fcr Steckdosen, wie zum Beispiel Radiowecker oder auch ein Ladeger\u00e4t f\u00fcr Smartphones.<\/p>\n<h6>Ladestation f\u00fcr das E-Auto<\/h6>\n<p>Kommt beim n\u00e4chsten Autokauf ein Elektroauto in Betracht, oder ist schon eines vorhanden?<br \/>\nGrunds\u00e4tzlich k\u00f6nnen Fahrzeuge an einer normalen 230-Volt-Steckdose aufgeladen werden, diese ist allerdings nicht f\u00fcr eine derartige Dauerbelastung ausgelegt und der Ladevorgang kann bis zu 14 Stunden dauern.<br \/>\nEine Wallbox oder eine freistehende Lades\u00e4ule w\u00e4re hierbei die Wahl der Dinge. Hierbei ist aber im Vorfeld die Stromversorgung des Hauses aufgrund der hohen Stromaufnahme zu pr\u00fcfen, ob und wie eine Ladestation m\u00f6glich ist.<br \/>\nLadestationen sind in jedem Fall meldepflichtig und ab 11kW durch den Netzbetreiber genehmigungspflichtig.<\/p>\n<p>&nbsp;<\/p>\n<h5>\u2013&gt; die Planung macht den Unterschied !<\/h5>\n","protected":false},"excerpt":{"rendered":"<p>Planung Die Anspr\u00fcche an die Stromversorgung sind in den letzten Jahrzehnten enorm gestiegen, Steckdosen, Schalter, Lampen sowie diverse Elektroger\u00e4te brauchen Strom. In modernen H\u00e4usern brauchen selbst die Heizung, die Frischluftversorgung und Rolll\u00e4den elektrische Energie &#8211; ohne Strom geht nichts mehr. Der Strom kommt entweder \u00fcber das \u00f6ffentliche Versorgungsnetz ins Haus oder zum Teil von Photovoltaik, [&hellip;]<\/p>\n","protected":false},"author":1,"featured_media":0,"parent":0,"menu_order":0,"comment_status":"closed","ping_status":"closed","template":"","meta":{"footnotes":""},"class_list":["post-12","page","type-page","status-publish","hentry"],"_links":{"self":[{"href":"https:\/\/renner-posch.de\/index.php\/wp-json\/wp\/v2\/pages\/12","targetHints":{"allow":["GET"]}}],"collection":[{"href":"https:\/\/renner-posch.de\/index.php\/wp-json\/wp\/v2\/pages"}],"about":[{"href":"https:\/\/renner-posch.de\/index.php\/wp-json\/wp\/v2\/types\/page"}],"author":[{"embeddable":true,"href":"https:\/\/renner-posch.de\/index.php\/wp-json\/wp\/v2\/users\/1"}],"replies":[{"embeddable":true,"href":"https:\/\/renner-posch.de\/index.php\/wp-json\/wp\/v2\/comments?post=12"}],"version-history":[{"count":4,"href":"https:\/\/renner-posch.de\/index.php\/wp-json\/wp\/v2\/pages\/12\/revisions"}],"predecessor-version":[{"id":58,"href":"https:\/\/renner-posch.de\/index.php\/wp-json\/wp\/v2\/pages\/12\/revisions\/58"}],"wp:attachment":[{"href":"https:\/\/renner-posch.de\/index.php\/wp-json\/wp\/v2\/media?parent=12"}],"curies":[{"name":"wp","href":"https:\/\/api.w.org\/{rel}","templated":true}]}}