{"id":87,"date":"2022-09-12T18:42:06","date_gmt":"2022-09-12T18:42:06","guid":{"rendered":"https:\/\/renner-posch.de\/?page_id=87"},"modified":"2022-09-12T18:45:53","modified_gmt":"2022-09-12T18:45:53","slug":"leistungsspektrum","status":"publish","type":"page","link":"https:\/\/renner-posch.de\/index.php\/leistungsspektrum\/","title":{"rendered":"Leistungsspektrum"},"content":{"rendered":"<h5>Leistungssprektrum<\/h5>\n<p>Eine individuelle und umfassende Ausf\u00fchrung setzt eine solide Planung voraus.<br \/>\nDurch unser umfangreiches praktisches Wissen, das wir in vielen Projekten \u00fcber lange Jahre erworben haben,<br \/>\noptimierten wir Ihre Planung und Projekte in technischer Hinsicht, somit sind wir in der Lage, Ihre W\u00fcnsche in idealer Weise umzusetzen.<\/p>\n<p>Elektro- und Informationstechnik sind die Basis der Geb\u00e4udetechnik und geh\u00f6rt in die H\u00e4nde von Profis.<br \/>\n\u00dcber alle elektrotechnischen Leistungsbereiche hinweg erhalten Sie bei uns Technik auf h\u00f6chstem Niveau und aus einer Hand.<\/p>\n<p>Um eine erfolgreiche Umsetzung zu erzielen, gilt f\u00fcr unser Projektteam grunds\u00e4tzlich:<br \/>\nHoher Qualit\u00e4tsanspruch, Termintreue, technische Kompetenz und einwandfreises Projektmanagement \u2013 darauf k\u00f6nnen Sie sich verlassen!<\/p>\n<p>Ausz\u00fcge aus unserem Spektrum der Elektrotechnik<\/p>\n<h6>Elektrotechnik<\/h6>\n<p>&#8211; Klassische Elektroinstallation<br \/>\n&#8211; Beleuchtung<br \/>\n&#8211; Blitzschutz und Erdung<br \/>\n&#8211; Netzersatzanlagen<\/p>\n<h6>Sicherheitstechnik<\/h6>\n<p>&#8211; Brandmeldeanlagen<br \/>\n&#8211; Einbruchmeldeanlagen<br \/>\n&#8211; Video\u00fcberwachungsanlagen<br \/>\n&#8211; Gefahren- und St\u00f6rmeldeanlagen<\/p>\n<h6>&#8222;Smart Home&#8220;<\/h6>\n<p>&#8211; Geb\u00e4udeautomatisierung, IP-Basierend<br \/>\n&#8211; Geb\u00e4udeautomatisierung, Bus-Basierend (KNX, LON, DALI)<br \/>\n&#8211; Geb\u00e4udeautomatisierung, Funk-Basierend<\/p>\n<h6>Datentechnik<\/h6>\n<p>&#8211; Strukturierte Netzwerksl\u00f6sungen gem\u00e4\u00df aktuellem Stand der Technik<br \/>\n&#8211; Steuerungs- \/ Informations- und Kommunikationsl\u00f6sungen<\/p>\n<h6>Erneuerbare Energien<\/h6>\n<p>&#8211; Photovoltaikanlagen \/ Energiespeicherl\u00f6sungen<\/p>\n<h6>Elektromobilit\u00e4t<\/h6>\n<p>&#8211; Ladeinfrastruktur-Konzepte<\/p>\n","protected":false},"excerpt":{"rendered":"<p>Leistungssprektrum Eine individuelle und umfassende Ausf\u00fchrung setzt eine solide Planung voraus. Durch unser umfangreiches praktisches Wissen, das wir in vielen Projekten \u00fcber lange Jahre erworben haben, optimierten wir Ihre Planung und Projekte in technischer Hinsicht, somit sind wir in der Lage, Ihre W\u00fcnsche in idealer Weise umzusetzen. Elektro- und Informationstechnik sind die Basis der Geb\u00e4udetechnik [&hellip;]<\/p>\n","protected":false},"author":1,"featured_media":0,"parent":0,"menu_order":0,"comment_status":"closed","ping_status":"closed","template":"","meta":{"footnotes":""},"class_list":["post-87","page","type-page","status-publish","hentry"],"_links":{"self":[{"href":"https:\/\/renner-posch.de\/index.php\/wp-json\/wp\/v2\/pages\/87","targetHints":{"allow":["GET"]}}],"collection":[{"href":"https:\/\/renner-posch.de\/index.php\/wp-json\/wp\/v2\/pages"}],"about":[{"href":"https:\/\/renner-posch.de\/index.php\/wp-json\/wp\/v2\/types\/page"}],"author":[{"embeddable":true,"href":"https:\/\/renner-posch.de\/index.php\/wp-json\/wp\/v2\/users\/1"}],"replies":[{"embeddable":true,"href":"https:\/\/renner-posch.de\/index.php\/wp-json\/wp\/v2\/comments?post=87"}],"version-history":[{"count":1,"href":"https:\/\/renner-posch.de\/index.php\/wp-json\/wp\/v2\/pages\/87\/revisions"}],"predecessor-version":[{"id":88,"href":"https:\/\/renner-posch.de\/index.php\/wp-json\/wp\/v2\/pages\/87\/revisions\/88"}],"wp:attachment":[{"href":"https:\/\/renner-posch.de\/index.php\/wp-json\/wp\/v2\/media?parent=87"}],"curies":[{"name":"wp","href":"https:\/\/api.w.org\/{rel}","templated":true}]}}