{"id":89,"date":"2022-09-12T18:48:06","date_gmt":"2022-09-12T18:48:06","guid":{"rendered":"https:\/\/renner-posch.de\/?page_id=89"},"modified":"2022-09-12T18:48:06","modified_gmt":"2022-09-12T18:48:06","slug":"gebaeudeautomation","status":"publish","type":"page","link":"https:\/\/renner-posch.de\/index.php\/gebaeudeautomation\/","title":{"rendered":"Geb\u00e4udeautomation"},"content":{"rendered":"<h5>Geb\u00e4udeautomation<\/h5>\n<p>Die Elektroinstallation in Geb\u00e4uden umfasst heutzutage wesentlich mehr als nur Strom und Licht.<br \/>\nEine zeitgem\u00e4\u00dfe Elektroinstallation in Geb\u00e4uden jeglicher Art ist Grundlage und Bestandteil der gesamten Technik im Geb\u00e4ude,<br \/>\ninsbesondere aber der Geb\u00e4udesystemtechnik, die in den letzten Jahren Fortschritte gemacht hat, die man sich vor zehn bis zwanzig Jahren zum Teil noch gar nicht vorstellen konnte.<\/p>\n<h6>Smart-Home-Funktionalit\u00e4ten<\/h6>\n<p>Viele Funktionalit\u00e4ten wie die elektrischen Rollo-Steuerung, Steuerung einzelner Leuchten und Dimmer,<br \/>\nBewegungsmelder mit Kamerafunktion, Multiroom-Audio-Anlagen, die T\u00fcrkommunikation, die Heizungssteuerung auf Raumebene<br \/>\noder gar die K\u00fcchenger\u00e4te lassen sich h\u00e4ufig schon zentral vom Smartphone aus \u00fcber Smart-Home-Systeme wie Homematic IP<br \/>\nbequem von \u00fcberall aus regeln. Ein System wie dieses hat zudem den Vorteil, dass es sowohl festverdrahtet in H\u00e4usern<br \/>\nund Wohnungen installiert werden kann, jedoch auch als Zwischensteckerl\u00f6sung flexibel integrierbar ist und bei einem Umzug mitgenommen werden kann.<\/p>\n<p>Wichtig ist bei allen Smart-Home-Installationen die intuitive und leichte Bedienbarkeit sowohl auf dem Handy als auch an den einzelnen Schaltkomponenten.<br \/>\nVon Vorteil ist auch, wenn es sich um ein offenes und somit erweiterbares System handelt \u2013 denn wer wei\u00df, welche elektrischen Funktionalit\u00e4ten noch in den n\u00e4chsten Jahren in unsere H\u00e4user und Wohnungen Einzug halten werden?<\/p>\n<p>&nbsp;<\/p>\n","protected":false},"excerpt":{"rendered":"<p>Geb\u00e4udeautomation Die Elektroinstallation in Geb\u00e4uden umfasst heutzutage wesentlich mehr als nur Strom und Licht. Eine zeitgem\u00e4\u00dfe Elektroinstallation in Geb\u00e4uden jeglicher Art ist Grundlage und Bestandteil der gesamten Technik im Geb\u00e4ude, insbesondere aber der Geb\u00e4udesystemtechnik, die in den letzten Jahren Fortschritte gemacht hat, die man sich vor zehn bis zwanzig Jahren zum Teil noch gar nicht [&hellip;]<\/p>\n","protected":false},"author":1,"featured_media":0,"parent":0,"menu_order":0,"comment_status":"closed","ping_status":"closed","template":"","meta":{"footnotes":""},"class_list":["post-89","page","type-page","status-publish","hentry"],"_links":{"self":[{"href":"https:\/\/renner-posch.de\/index.php\/wp-json\/wp\/v2\/pages\/89","targetHints":{"allow":["GET"]}}],"collection":[{"href":"https:\/\/renner-posch.de\/index.php\/wp-json\/wp\/v2\/pages"}],"about":[{"href":"https:\/\/renner-posch.de\/index.php\/wp-json\/wp\/v2\/types\/page"}],"author":[{"embeddable":true,"href":"https:\/\/renner-posch.de\/index.php\/wp-json\/wp\/v2\/users\/1"}],"replies":[{"embeddable":true,"href":"https:\/\/renner-posch.de\/index.php\/wp-json\/wp\/v2\/comments?post=89"}],"version-history":[{"count":1,"href":"https:\/\/renner-posch.de\/index.php\/wp-json\/wp\/v2\/pages\/89\/revisions"}],"predecessor-version":[{"id":90,"href":"https:\/\/renner-posch.de\/index.php\/wp-json\/wp\/v2\/pages\/89\/revisions\/90"}],"wp:attachment":[{"href":"https:\/\/renner-posch.de\/index.php\/wp-json\/wp\/v2\/media?parent=89"}],"curies":[{"name":"wp","href":"https:\/\/api.w.org\/{rel}","templated":true}]}}